{"id":6588,"date":"2020-08-11T14:14:21","date_gmt":"2020-08-11T14:14:21","guid":{"rendered":"https:\/\/lagar.vamtam.com\/?post_type=product&#038;p=6588"},"modified":"2025-07-04T16:51:54","modified_gmt":"2025-07-04T16:51:54","slug":"cuvee-rose","status":"publish","type":"product","link":"https:\/\/www.champagne-marc-hennequiere.com\/en\/boutique\/cuvee-rose\/","title":{"rendered":"Cuv\u00e9e Ros\u00e9"},"content":{"rendered":"<div data-elementor-type=\"product-post\" data-elementor-id=\"6588\" class=\"elementor elementor-6588\" data-elementor-post-type=\"product\">\n\t\t\t\t\t\t<section class=\"elementor-section elementor-top-section elementor-element elementor-element-4a724e9 elementor-section-boxed elementor-section-height-default elementor-section-height-default\" data-id=\"4a724e9\" data-element_type=\"section\" data-e-type=\"section\">\n\t\t\t\t\t\t<div class=\"elementor-container elementor-column-gap-default\">\n\t\t\t\t\t<div class=\"elementor-column elementor-col-100 elementor-top-column elementor-element elementor-element-47444e8\" data-id=\"47444e8\" data-element_type=\"column\" data-e-type=\"column\">\n\t\t\t<div class=\"elementor-widget-wrap elementor-element-populated\">\n\t\t\t\t\t\t<div class=\"elementor-element elementor-element-a41be55 elementor-widget elementor-widget-heading\" data-id=\"a41be55\" data-element_type=\"widget\" data-e-type=\"widget\" data-widget_type=\"heading.default\">\n\t\t\t\t<div class=\"elementor-widget-container\">\n\t\t\t\t\t<h5 class=\"elementor-heading-title elementor-size-default\">Geographic location<\/h5>\t\t\t\t<\/div>\n\t\t\t\t<\/div>\n\t\t\t\t<div class=\"elementor-element elementor-element-b683a2a elementor-widget elementor-widget-text-editor\" data-id=\"b683a2a\" data-element_type=\"widget\" data-e-type=\"widget\" data-widget_type=\"text-editor.default\">\n\t\t\t\t<div class=\"elementor-widget-container\">\n\t\t\t\t\t\t\t\t\t<p>C\u00f4te des Bar - Sarce Valley - Avirey-Lingey<\/p>\t\t\t\t\t\t\t\t<\/div>\n\t\t\t\t<\/div>\n\t\t\t\t<div class=\"elementor-element elementor-element-e06087e elementor-widget elementor-widget-heading\" data-id=\"e06087e\" data-element_type=\"widget\" data-e-type=\"widget\" data-widget_type=\"heading.default\">\n\t\t\t\t<div class=\"elementor-widget-container\">\n\t\t\t\t\t<h5 class=\"elementor-heading-title elementor-size-default\">Soil type<\/h5>\t\t\t\t<\/div>\n\t\t\t\t<\/div>\n\t\t\t\t<div class=\"elementor-element elementor-element-17cc2e8 elementor-widget elementor-widget-text-editor\" data-id=\"17cc2e8\" data-element_type=\"widget\" data-e-type=\"widget\" data-widget_type=\"text-editor.default\">\n\t\t\t\t<div class=\"elementor-widget-container\">\n\t\t\t\t\t\t\t\t\t<p>Clay-limestone, kimmeridgian<\/p>\t\t\t\t\t\t\t\t<\/div>\n\t\t\t\t<\/div>\n\t\t\t\t<div class=\"elementor-element elementor-element-2fb0483 elementor-widget elementor-widget-heading\" data-id=\"2fb0483\" data-element_type=\"widget\" data-e-type=\"widget\" data-widget_type=\"heading.default\">\n\t\t\t\t<div class=\"elementor-widget-container\">\n\t\t\t\t\t<h5 class=\"elementor-heading-title elementor-size-default\">Culture mode<\/h5>\t\t\t\t<\/div>\n\t\t\t\t<\/div>\n\t\t\t\t<div class=\"elementor-element elementor-element-2615664 elementor-widget elementor-widget-text-editor\" data-id=\"2615664\" data-element_type=\"widget\" data-e-type=\"widget\" data-widget_type=\"text-editor.default\">\n\t\t\t\t<div class=\"elementor-widget-container\">\n\t\t\t\t\t\t\t\t\t<p>HEV, organic fertilization. Size in single guyot - cordon of Royat and Chablis. Manual harvesting and sorting<\/p>\t\t\t\t\t\t\t\t<\/div>\n\t\t\t\t<\/div>\n\t\t\t\t<div class=\"elementor-element elementor-element-ea73d0f elementor-widget elementor-widget-heading\" data-id=\"ea73d0f\" data-element_type=\"widget\" data-e-type=\"widget\" data-widget_type=\"heading.default\">\n\t\t\t\t<div class=\"elementor-widget-container\">\n\t\t\t\t\t<h5 class=\"elementor-heading-title elementor-size-default\">Grape variety<\/h5>\t\t\t\t<\/div>\n\t\t\t\t<\/div>\n\t\t\t\t<div class=\"elementor-element elementor-element-24d8e29 elementor-widget elementor-widget-text-editor\" data-id=\"24d8e29\" data-element_type=\"widget\" data-e-type=\"widget\" data-widget_type=\"text-editor.default\">\n\t\t\t\t<div class=\"elementor-widget-container\">\n\t\t\t\t\t\t\t\t\t<p>80% pinot noir <br \/>20% chardonnay<\/p>\t\t\t\t\t\t\t\t<\/div>\n\t\t\t\t<\/div>\n\t\t\t\t<div class=\"elementor-element elementor-element-8e51335 elementor-widget elementor-widget-heading\" data-id=\"8e51335\" data-element_type=\"widget\" data-e-type=\"widget\" data-widget_type=\"heading.default\">\n\t\t\t\t<div class=\"elementor-widget-container\">\n\t\t\t\t\t<h5 class=\"elementor-heading-title elementor-size-default\">Winemaking<\/h5>\t\t\t\t<\/div>\n\t\t\t\t<\/div>\n\t\t\t\t<div class=\"elementor-element elementor-element-9615ab4 elementor-widget elementor-widget-text-editor\" data-id=\"9615ab4\" data-element_type=\"widget\" data-e-type=\"widget\" data-widget_type=\"text-editor.default\">\n\t\t\t\t<div class=\"elementor-widget-container\">\n\t\t\t\t\t\t\t\t\t<p>Maceration and blending, \u201cRos\u00e9 d\u2019assemblage\u201d. Malolactic fermentation. Ageing in stainless-steel tanks. Bottled on the estate. 24 months ageing in the cellar<\/p>\t\t\t\t\t\t\t\t<\/div>\n\t\t\t\t<\/div>\n\t\t\t\t<div class=\"elementor-element elementor-element-cdb40cd elementor-widget elementor-widget-heading\" data-id=\"cdb40cd\" data-element_type=\"widget\" data-e-type=\"widget\" data-widget_type=\"heading.default\">\n\t\t\t\t<div class=\"elementor-widget-container\">\n\t\t\t\t\t<h5 class=\"elementor-heading-title elementor-size-default\">Dosage<\/h5>\t\t\t\t<\/div>\n\t\t\t\t<\/div>\n\t\t\t\t<div class=\"elementor-element elementor-element-aaaf3e2 elementor-widget elementor-widget-text-editor\" data-id=\"aaaf3e2\" data-element_type=\"widget\" data-e-type=\"widget\" data-widget_type=\"text-editor.default\">\n\t\t\t\t<div class=\"elementor-widget-container\">\n\t\t\t\t\t\t\t\t\t<p>Brut &#8211; 10 g\/L<\/p>\t\t\t\t\t\t\t\t<\/div>\n\t\t\t\t<\/div>\n\t\t\t\t<div class=\"elementor-element elementor-element-b12a13a elementor-widget elementor-widget-heading\" data-id=\"b12a13a\" data-element_type=\"widget\" data-e-type=\"widget\" data-widget_type=\"heading.default\">\n\t\t\t\t<div class=\"elementor-widget-container\">\n\t\t\t\t\t<h5 class=\"elementor-heading-title elementor-size-default\">Serving tips<\/h5>\t\t\t\t<\/div>\n\t\t\t\t<\/div>\n\t\t\t\t<div class=\"elementor-element elementor-element-a1ea401 elementor-widget elementor-widget-text-editor\" data-id=\"a1ea401\" data-element_type=\"widget\" data-e-type=\"widget\" data-widget_type=\"text-editor.default\">\n\t\t\t\t<div class=\"elementor-widget-container\">\n\t\t\t\t\t\t\t\t\t<p>To be tasted cold but not from the freezer, between 8\u00b0 and 10\u00b0 C.<br \/>This Champagne, as well as an aperitif, can be served with grilled or casseroled red meat or with a dessert of red fruits.<\/p>\t\t\t\t\t\t\t\t<\/div>\n\t\t\t\t<\/div>\n\t\t\t\t<section class=\"elementor-section elementor-inner-section elementor-element elementor-element-074212b elementor-section-boxed elementor-section-height-default elementor-section-height-default\" data-id=\"074212b\" data-element_type=\"section\" data-e-type=\"section\">\n\t\t\t\t\t\t<div class=\"elementor-container elementor-column-gap-default\">\n\t\t\t\t\t<div class=\"elementor-column elementor-col-100 elementor-inner-column elementor-element elementor-element-4bac080\" data-id=\"4bac080\" data-element_type=\"column\" data-e-type=\"column\">\n\t\t\t<div class=\"elementor-widget-wrap elementor-element-populated\">\n\t\t\t\t\t\t<div class=\"elementor-element elementor-element-d5abab3 elementor-widget__width-initial elementor-widget-mobile__width-initial elementor-fixed elementor-hidden-tablet elementor-hidden-phone elementor-widget elementor-widget-image\" data-id=\"d5abab3\" data-element_type=\"widget\" data-e-type=\"widget\" data-settings=\"{&quot;_position&quot;:&quot;fixed&quot;}\" data-widget_type=\"image.default\">\n\t\t\t\t<div class=\"elementor-widget-container\">\n\t\t\t\t\t\t\t\t\t<div class=\"elementor-image\">\n\t\t\t\t\t\t\t\t\t\t\t\t\t\t\t\t\t\t\t\t\t<img fetchpriority=\"high\" decoding=\"async\" width=\"315\" height=\"387\" src=\"https:\/\/www.champagne-marc-hennequiere.com\/wp-content\/uploads\/2020\/03\/litchi.png\" class=\"attachment-large size-large wp-image-987891\" alt=\"\" srcset=\"https:\/\/www.champagne-marc-hennequiere.com\/wp-content\/uploads\/2020\/03\/litchi.png 315w, https:\/\/www.champagne-marc-hennequiere.com\/wp-content\/uploads\/2020\/03\/litchi-244x300.png 244w\" sizes=\"(max-width: 315px) 100vw, 315px\" \/>\t\t\t\t\t\t\t\t\t\t\t\t\t\t\t\t\t\t\t\t\t\t\t\t<\/div>\n\t\t\t\t\t\t\t\t<\/div>\n\t\t\t\t<\/div>\n\t\t\t\t\t<\/div>\n\t\t<\/div>\n\t\t\t\t\t<\/div>\n\t\t<\/section>\n\t\t\t\t\t<\/div>\n\t\t<\/div>\n\t\t\t\t\t<\/div>\n\t\t<\/section>\n\t\t\t\t<\/div>","protected":false},"excerpt":{"rendered":"<p><strong>Well balanced and fruity<\/strong> \u2013 The robe is light coral with hints of lychees. The nose is expressive on notes of red fruits, cherries, strawberries and morello cherries. The attack on the palate is frank and full of a resumption of the notes of red fruit. The finish is silky with touches of morello cherries and Kirsch.<\/p>","protected":false},"featured_media":987892,"template":"","meta":{"iawp_total_views":57},"product_brand":[],"product_cat":[24],"product_tag":[],"class_list":{"0":"post-6588","1":"product","2":"type-product","3":"status-publish","4":"has-post-thumbnail","6":"product_cat-les-classiques","8":"first","9":"instock","10":"taxable","11":"shipping-taxable","12":"purchasable","13":"product-type-simple"},"yoast_head":"<!-- This site is optimized with the Yoast SEO plugin v27.2 - https:\/\/yoast.com\/product\/yoast-seo-wordpress\/ -->\n<title>Champagne Marc Hennequi\u00e8re - Cuv\u00e9e Ros\u00e9<\/title>\n<meta name=\"description\" content=\"Champagne \u00e9quilibr\u00e9 et fruit\u00e9, \u00e0 la robe corail l\u00e9ger aux reflets litchis. Son nez est expressif sur des notes de fruits rouges, cerises...\" \/>\n<meta name=\"robots\" content=\"index, follow, max-snippet:-1, max-image-preview:large, max-video-preview:-1\" \/>\n<link rel=\"canonical\" href=\"https:\/\/www.champagne-marc-hennequiere.com\/en\/boutique\/cuvee-rose\/\" \/>\n<meta property=\"og:locale\" content=\"en_US\" \/>\n<meta property=\"og:type\" content=\"article\" \/>\n<meta property=\"og:title\" content=\"Champagne Marc Hennequi\u00e8re - Cuv\u00e9e Ros\u00e9\" \/>\n<meta property=\"og:description\" content=\"Champagne \u00e9quilibr\u00e9 et fruit\u00e9, \u00e0 la robe corail l\u00e9ger aux reflets litchis. Son nez est expressif sur des notes de fruits rouges, cerises...\" \/>\n<meta property=\"og:url\" content=\"https:\/\/www.champagne-marc-hennequiere.com\/en\/boutique\/cuvee-rose\/\" \/>\n<meta property=\"og:site_name\" content=\"Champagne Marc Hennequi\u00e8re\" \/>\n<meta property=\"article:modified_time\" content=\"2025-07-04T16:51:54+00:00\" \/>\n<meta property=\"og:image\" content=\"https:\/\/www.champagne-marc-hennequiere.com\/wp-content\/uploads\/2020\/03\/cuvee-rose.png\" \/>\n\t<meta property=\"og:image:width\" content=\"444\" \/>\n\t<meta property=\"og:image:height\" content=\"853\" \/>\n\t<meta property=\"og:image:type\" content=\"image\/png\" \/>\n<meta name=\"twitter:card\" content=\"summary_large_image\" \/>\n<meta name=\"twitter:label1\" content=\"Est. reading time\" \/>\n\t<meta name=\"twitter:data1\" content=\"1 minute\" \/>\n<script type=\"application\/ld+json\" class=\"yoast-schema-graph\">{\"@context\":\"https:\/\/schema.org\",\"@graph\":[{\"@type\":\"WebPage\",\"@id\":\"https:\/\/www.champagne-marc-hennequiere.com\/boutique\/cuvee-rose\/\",\"url\":\"https:\/\/www.champagne-marc-hennequiere.com\/boutique\/cuvee-rose\/\",\"name\":\"Champagne Marc Hennequi\u00e8re - Cuv\u00e9e Ros\u00e9\",\"isPartOf\":{\"@id\":\"https:\/\/www.champagne-marc-hennequiere.com\/#website\"},\"primaryImageOfPage\":{\"@id\":\"https:\/\/www.champagne-marc-hennequiere.com\/boutique\/cuvee-rose\/#primaryimage\"},\"image\":{\"@id\":\"https:\/\/www.champagne-marc-hennequiere.com\/boutique\/cuvee-rose\/#primaryimage\"},\"thumbnailUrl\":\"https:\/\/www.champagne-marc-hennequiere.com\/wp-content\/uploads\/2020\/03\/cuvee-rose.png\",\"datePublished\":\"2020-08-11T14:14:21+00:00\",\"dateModified\":\"2025-07-04T16:51:54+00:00\",\"description\":\"Champagne \u00e9quilibr\u00e9 et fruit\u00e9, \u00e0 la robe corail l\u00e9ger aux reflets litchis. Son nez est expressif sur des notes de fruits rouges, cerises...\",\"breadcrumb\":{\"@id\":\"https:\/\/www.champagne-marc-hennequiere.com\/boutique\/cuvee-rose\/#breadcrumb\"},\"inLanguage\":\"en-US\",\"potentialAction\":[{\"@type\":\"ReadAction\",\"target\":[\"https:\/\/www.champagne-marc-hennequiere.com\/boutique\/cuvee-rose\/\"]}]},{\"@type\":\"ImageObject\",\"inLanguage\":\"en-US\",\"@id\":\"https:\/\/www.champagne-marc-hennequiere.com\/boutique\/cuvee-rose\/#primaryimage\",\"url\":\"https:\/\/www.champagne-marc-hennequiere.com\/wp-content\/uploads\/2020\/03\/cuvee-rose.png\",\"contentUrl\":\"https:\/\/www.champagne-marc-hennequiere.com\/wp-content\/uploads\/2020\/03\/cuvee-rose.png\",\"width\":444,\"height\":853},{\"@type\":\"BreadcrumbList\",\"@id\":\"https:\/\/www.champagne-marc-hennequiere.com\/boutique\/cuvee-rose\/#breadcrumb\",\"itemListElement\":[{\"@type\":\"ListItem\",\"position\":1,\"name\":\"Accueil\",\"item\":\"https:\/\/www.champagne-marc-hennequiere.com\/\"},{\"@type\":\"ListItem\",\"position\":2,\"name\":\"Boutique\",\"item\":\"https:\/\/www.champagne-marc-hennequiere.com\/boutique\/\"},{\"@type\":\"ListItem\",\"position\":3,\"name\":\"Cuv\u00e9e Ros\u00e9\"}]},{\"@type\":\"WebSite\",\"@id\":\"https:\/\/www.champagne-marc-hennequiere.com\/#website\",\"url\":\"https:\/\/www.champagne-marc-hennequiere.com\/\",\"name\":\"Champagne Marc Hennequi\u00e8re\",\"description\":\"R\u00e9coltant Manipulant \u00e0 Avirey-Lingey\",\"publisher\":{\"@id\":\"https:\/\/www.champagne-marc-hennequiere.com\/#organization\"},\"potentialAction\":[{\"@type\":\"SearchAction\",\"target\":{\"@type\":\"EntryPoint\",\"urlTemplate\":\"https:\/\/www.champagne-marc-hennequiere.com\/?s={search_term_string}\"},\"query-input\":{\"@type\":\"PropertyValueSpecification\",\"valueRequired\":true,\"valueName\":\"search_term_string\"}}],\"inLanguage\":\"en-US\"},{\"@type\":\"Organization\",\"@id\":\"https:\/\/www.champagne-marc-hennequiere.com\/#organization\",\"name\":\"Champagne Marc Hennequi\u00e8re\",\"url\":\"https:\/\/www.champagne-marc-hennequiere.com\/\",\"logo\":{\"@type\":\"ImageObject\",\"inLanguage\":\"en-US\",\"@id\":\"https:\/\/www.champagne-marc-hennequiere.com\/#\/schema\/logo\/image\/\",\"url\":\"https:\/\/www.champagne-marc-hennequiere.com\/wp-content\/uploads\/2020\/03\/champagne-marc-hennequiere-logo-2.svg\",\"contentUrl\":\"https:\/\/www.champagne-marc-hennequiere.com\/wp-content\/uploads\/2020\/03\/champagne-marc-hennequiere-logo-2.svg\",\"width\":294,\"height\":127,\"caption\":\"Champagne Marc Hennequi\u00e8re\"},\"image\":{\"@id\":\"https:\/\/www.champagne-marc-hennequiere.com\/#\/schema\/logo\/image\/\"}}]}<\/script>\n<!-- \/ Yoast SEO plugin. -->","yoast_head_json":{"title":"Champagne Marc Hennequi\u00e8re - Cuv\u00e9e Ros\u00e9","description":"Champagne \u00e9quilibr\u00e9 et fruit\u00e9, \u00e0 la robe corail l\u00e9ger aux reflets litchis. Son nez est expressif sur des notes de fruits rouges, cerises...","robots":{"index":"index","follow":"follow","max-snippet":"max-snippet:-1","max-image-preview":"max-image-preview:large","max-video-preview":"max-video-preview:-1"},"canonical":"https:\/\/www.champagne-marc-hennequiere.com\/en\/boutique\/cuvee-rose\/","og_locale":"en_US","og_type":"article","og_title":"Champagne Marc Hennequi\u00e8re - Cuv\u00e9e Ros\u00e9","og_description":"Champagne \u00e9quilibr\u00e9 et fruit\u00e9, \u00e0 la robe corail l\u00e9ger aux reflets litchis. Son nez est expressif sur des notes de fruits rouges, cerises...","og_url":"https:\/\/www.champagne-marc-hennequiere.com\/en\/boutique\/cuvee-rose\/","og_site_name":"Champagne Marc Hennequi\u00e8re","article_modified_time":"2025-07-04T16:51:54+00:00","og_image":[{"width":444,"height":853,"url":"https:\/\/www.champagne-marc-hennequiere.com\/wp-content\/uploads\/2020\/03\/cuvee-rose.png","type":"image\/png"}],"twitter_card":"summary_large_image","twitter_misc":{"Est. reading time":"1 minute"},"schema":{"@context":"https:\/\/schema.org","@graph":[{"@type":"WebPage","@id":"https:\/\/www.champagne-marc-hennequiere.com\/boutique\/cuvee-rose\/","url":"https:\/\/www.champagne-marc-hennequiere.com\/boutique\/cuvee-rose\/","name":"Champagne Marc Hennequi\u00e8re - Cuv\u00e9e Ros\u00e9","isPartOf":{"@id":"https:\/\/www.champagne-marc-hennequiere.com\/#website"},"primaryImageOfPage":{"@id":"https:\/\/www.champagne-marc-hennequiere.com\/boutique\/cuvee-rose\/#primaryimage"},"image":{"@id":"https:\/\/www.champagne-marc-hennequiere.com\/boutique\/cuvee-rose\/#primaryimage"},"thumbnailUrl":"https:\/\/www.champagne-marc-hennequiere.com\/wp-content\/uploads\/2020\/03\/cuvee-rose.png","datePublished":"2020-08-11T14:14:21+00:00","dateModified":"2025-07-04T16:51:54+00:00","description":"Champagne \u00e9quilibr\u00e9 et fruit\u00e9, \u00e0 la robe corail l\u00e9ger aux reflets litchis. Son nez est expressif sur des notes de fruits rouges, cerises...","breadcrumb":{"@id":"https:\/\/www.champagne-marc-hennequiere.com\/boutique\/cuvee-rose\/#breadcrumb"},"inLanguage":"en-US","potentialAction":[{"@type":"ReadAction","target":["https:\/\/www.champagne-marc-hennequiere.com\/boutique\/cuvee-rose\/"]}]},{"@type":"ImageObject","inLanguage":"en-US","@id":"https:\/\/www.champagne-marc-hennequiere.com\/boutique\/cuvee-rose\/#primaryimage","url":"https:\/\/www.champagne-marc-hennequiere.com\/wp-content\/uploads\/2020\/03\/cuvee-rose.png","contentUrl":"https:\/\/www.champagne-marc-hennequiere.com\/wp-content\/uploads\/2020\/03\/cuvee-rose.png","width":444,"height":853},{"@type":"BreadcrumbList","@id":"https:\/\/www.champagne-marc-hennequiere.com\/boutique\/cuvee-rose\/#breadcrumb","itemListElement":[{"@type":"ListItem","position":1,"name":"Accueil","item":"https:\/\/www.champagne-marc-hennequiere.com\/"},{"@type":"ListItem","position":2,"name":"Boutique","item":"https:\/\/www.champagne-marc-hennequiere.com\/boutique\/"},{"@type":"ListItem","position":3,"name":"Cuv\u00e9e Ros\u00e9"}]},{"@type":"WebSite","@id":"https:\/\/www.champagne-marc-hennequiere.com\/#website","url":"https:\/\/www.champagne-marc-hennequiere.com\/","name":"Champagne Marc Hennequi\u00e8re","description":"R\u00e9coltant Manipulant \u00e0 Avirey-Lingey","publisher":{"@id":"https:\/\/www.champagne-marc-hennequiere.com\/#organization"},"potentialAction":[{"@type":"SearchAction","target":{"@type":"EntryPoint","urlTemplate":"https:\/\/www.champagne-marc-hennequiere.com\/?s={search_term_string}"},"query-input":{"@type":"PropertyValueSpecification","valueRequired":true,"valueName":"search_term_string"}}],"inLanguage":"en-US"},{"@type":"Organization","@id":"https:\/\/www.champagne-marc-hennequiere.com\/#organization","name":"Champagne Marc Hennequi\u00e8re","url":"https:\/\/www.champagne-marc-hennequiere.com\/","logo":{"@type":"ImageObject","inLanguage":"en-US","@id":"https:\/\/www.champagne-marc-hennequiere.com\/#\/schema\/logo\/image\/","url":"https:\/\/www.champagne-marc-hennequiere.com\/wp-content\/uploads\/2020\/03\/champagne-marc-hennequiere-logo-2.svg","contentUrl":"https:\/\/www.champagne-marc-hennequiere.com\/wp-content\/uploads\/2020\/03\/champagne-marc-hennequiere-logo-2.svg","width":294,"height":127,"caption":"Champagne Marc Hennequi\u00e8re"},"image":{"@id":"https:\/\/www.champagne-marc-hennequiere.com\/#\/schema\/logo\/image\/"}}]}},"_links":{"self":[{"href":"https:\/\/www.champagne-marc-hennequiere.com\/en\/wp-json\/wp\/v2\/product\/6588","targetHints":{"allow":["GET"]}}],"collection":[{"href":"https:\/\/www.champagne-marc-hennequiere.com\/en\/wp-json\/wp\/v2\/product"}],"about":[{"href":"https:\/\/www.champagne-marc-hennequiere.com\/en\/wp-json\/wp\/v2\/types\/product"}],"version-history":[{"count":22,"href":"https:\/\/www.champagne-marc-hennequiere.com\/en\/wp-json\/wp\/v2\/product\/6588\/revisions"}],"predecessor-version":[{"id":988719,"href":"https:\/\/www.champagne-marc-hennequiere.com\/en\/wp-json\/wp\/v2\/product\/6588\/revisions\/988719"}],"wp:featuredmedia":[{"embeddable":true,"href":"https:\/\/www.champagne-marc-hennequiere.com\/en\/wp-json\/wp\/v2\/media\/987892"}],"wp:attachment":[{"href":"https:\/\/www.champagne-marc-hennequiere.com\/en\/wp-json\/wp\/v2\/media?parent=6588"}],"wp:term":[{"taxonomy":"product_brand","embeddable":true,"href":"https:\/\/www.champagne-marc-hennequiere.com\/en\/wp-json\/wp\/v2\/product_brand?post=6588"},{"taxonomy":"product_cat","embeddable":true,"href":"https:\/\/www.champagne-marc-hennequiere.com\/en\/wp-json\/wp\/v2\/product_cat?post=6588"},{"taxonomy":"product_tag","embeddable":true,"href":"https:\/\/www.champagne-marc-hennequiere.com\/en\/wp-json\/wp\/v2\/product_tag?post=6588"}],"curies":[{"name":"wp","href":"https:\/\/api.w.org\/{rel}","templated":true}]}}