{"id":6582,"date":"2020-08-11T14:11:23","date_gmt":"2020-08-11T14:11:23","guid":{"rendered":"https:\/\/lagar.vamtam.com\/?post_type=product&#038;p=6582"},"modified":"2025-07-04T16:52:32","modified_gmt":"2025-07-04T16:52:32","slug":"cuvee-premices","status":"publish","type":"product","link":"https:\/\/www.champagne-marc-hennequiere.com\/en\/boutique\/cuvee-premices\/","title":{"rendered":"Cuv\u00e9e pr\u00e9mices"},"content":{"rendered":"<div data-elementor-type=\"product-post\" data-elementor-id=\"6582\" class=\"elementor elementor-6582\" data-elementor-post-type=\"product\">\n\t\t\t\t\t\t<section class=\"elementor-section elementor-top-section elementor-element elementor-element-2ef2f02 elementor-section-boxed elementor-section-height-default elementor-section-height-default\" data-id=\"2ef2f02\" data-element_type=\"section\" data-e-type=\"section\">\n\t\t\t\t\t\t<div class=\"elementor-container elementor-column-gap-default\">\n\t\t\t\t\t<div class=\"elementor-column elementor-col-100 elementor-top-column elementor-element elementor-element-cf84b6a\" data-id=\"cf84b6a\" data-element_type=\"column\" data-e-type=\"column\">\n\t\t\t<div class=\"elementor-widget-wrap elementor-element-populated\">\n\t\t\t\t\t\t<div class=\"elementor-element elementor-element-2b9e719 elementor-widget elementor-widget-heading\" data-id=\"2b9e719\" data-element_type=\"widget\" data-e-type=\"widget\" data-widget_type=\"heading.default\">\n\t\t\t\t<div class=\"elementor-widget-container\">\n\t\t\t\t\t<h5 class=\"elementor-heading-title elementor-size-default\">Geographic location<\/h5>\t\t\t\t<\/div>\n\t\t\t\t<\/div>\n\t\t\t\t<div class=\"elementor-element elementor-element-2f33699 elementor-widget elementor-widget-text-editor\" data-id=\"2f33699\" data-element_type=\"widget\" data-e-type=\"widget\" data-widget_type=\"text-editor.default\">\n\t\t\t\t<div class=\"elementor-widget-container\">\n\t\t\t\t\t\t\t\t\t<p>C\u00f4te des Bar - Sarce Valley - Avirey-Lingey<\/p>\t\t\t\t\t\t\t\t<\/div>\n\t\t\t\t<\/div>\n\t\t\t\t<div class=\"elementor-element elementor-element-f247bbe elementor-widget elementor-widget-heading\" data-id=\"f247bbe\" data-element_type=\"widget\" data-e-type=\"widget\" data-widget_type=\"heading.default\">\n\t\t\t\t<div class=\"elementor-widget-container\">\n\t\t\t\t\t<h5 class=\"elementor-heading-title elementor-size-default\">Soil type<\/h5>\t\t\t\t<\/div>\n\t\t\t\t<\/div>\n\t\t\t\t<div class=\"elementor-element elementor-element-3cd0c9c elementor-widget elementor-widget-text-editor\" data-id=\"3cd0c9c\" data-element_type=\"widget\" data-e-type=\"widget\" data-widget_type=\"text-editor.default\">\n\t\t\t\t<div class=\"elementor-widget-container\">\n\t\t\t\t\t\t\t\t\t<p>Clay-limestone, kimmeridgian<\/p>\t\t\t\t\t\t\t\t<\/div>\n\t\t\t\t<\/div>\n\t\t\t\t<div class=\"elementor-element elementor-element-aa103d5 elementor-widget elementor-widget-heading\" data-id=\"aa103d5\" data-element_type=\"widget\" data-e-type=\"widget\" data-widget_type=\"heading.default\">\n\t\t\t\t<div class=\"elementor-widget-container\">\n\t\t\t\t\t<h5 class=\"elementor-heading-title elementor-size-default\">Culture mode<\/h5>\t\t\t\t<\/div>\n\t\t\t\t<\/div>\n\t\t\t\t<div class=\"elementor-element elementor-element-5fb7206 elementor-widget elementor-widget-text-editor\" data-id=\"5fb7206\" data-element_type=\"widget\" data-e-type=\"widget\" data-widget_type=\"text-editor.default\">\n\t\t\t\t<div class=\"elementor-widget-container\">\n\t\t\t\t\t\t\t\t\t<p>HEV, organic fertilization. Size in single guyot - cordon of Royat and Chablis. Manual harvesting and sorting<\/p>\t\t\t\t\t\t\t\t<\/div>\n\t\t\t\t<\/div>\n\t\t\t\t<div class=\"elementor-element elementor-element-b3b967d elementor-widget elementor-widget-heading\" data-id=\"b3b967d\" data-element_type=\"widget\" data-e-type=\"widget\" data-widget_type=\"heading.default\">\n\t\t\t\t<div class=\"elementor-widget-container\">\n\t\t\t\t\t<h5 class=\"elementor-heading-title elementor-size-default\">Grape variety<\/h5>\t\t\t\t<\/div>\n\t\t\t\t<\/div>\n\t\t\t\t<div class=\"elementor-element elementor-element-92c7374 elementor-widget elementor-widget-text-editor\" data-id=\"92c7374\" data-element_type=\"widget\" data-e-type=\"widget\" data-widget_type=\"text-editor.default\">\n\t\t\t\t<div class=\"elementor-widget-container\">\n\t\t\t\t\t\t\t\t\t<p>50% pinot noir <br \/>50% chardonnay<\/p>\t\t\t\t\t\t\t\t<\/div>\n\t\t\t\t<\/div>\n\t\t\t\t<div class=\"elementor-element elementor-element-71b18a7 elementor-widget elementor-widget-heading\" data-id=\"71b18a7\" data-element_type=\"widget\" data-e-type=\"widget\" data-widget_type=\"heading.default\">\n\t\t\t\t<div class=\"elementor-widget-container\">\n\t\t\t\t\t<h5 class=\"elementor-heading-title elementor-size-default\">Winemaking<\/h5>\t\t\t\t<\/div>\n\t\t\t\t<\/div>\n\t\t\t\t<div class=\"elementor-element elementor-element-43f486e elementor-widget elementor-widget-text-editor\" data-id=\"43f486e\" data-element_type=\"widget\" data-e-type=\"widget\" data-widget_type=\"text-editor.default\">\n\t\t\t\t<div class=\"elementor-widget-container\">\n\t\t\t\t\t\t\t\t\t<p>Malolactic fermentation. Ageing of 6 months in French oak barrels. Bottled on the estate. 24 months ageing in the cellar<\/p>\t\t\t\t\t\t\t\t<\/div>\n\t\t\t\t<\/div>\n\t\t\t\t<div class=\"elementor-element elementor-element-b1091ba elementor-widget elementor-widget-heading\" data-id=\"b1091ba\" data-element_type=\"widget\" data-e-type=\"widget\" data-widget_type=\"heading.default\">\n\t\t\t\t<div class=\"elementor-widget-container\">\n\t\t\t\t\t<h5 class=\"elementor-heading-title elementor-size-default\">Dosage<\/h5>\t\t\t\t<\/div>\n\t\t\t\t<\/div>\n\t\t\t\t<div class=\"elementor-element elementor-element-30d10b5 elementor-widget elementor-widget-text-editor\" data-id=\"30d10b5\" data-element_type=\"widget\" data-e-type=\"widget\" data-widget_type=\"text-editor.default\">\n\t\t\t\t<div class=\"elementor-widget-container\">\n\t\t\t\t\t\t\t\t\t<p>Brut nature &#8211; 0 g\/L<\/p>\t\t\t\t\t\t\t\t<\/div>\n\t\t\t\t<\/div>\n\t\t\t\t<div class=\"elementor-element elementor-element-b7c6147 elementor-widget elementor-widget-heading\" data-id=\"b7c6147\" data-element_type=\"widget\" data-e-type=\"widget\" data-widget_type=\"heading.default\">\n\t\t\t\t<div class=\"elementor-widget-container\">\n\t\t\t\t\t<h5 class=\"elementor-heading-title elementor-size-default\">Serving tips<\/h5>\t\t\t\t<\/div>\n\t\t\t\t<\/div>\n\t\t\t\t<div class=\"elementor-element elementor-element-1296511 elementor-widget elementor-widget-text-editor\" data-id=\"1296511\" data-element_type=\"widget\" data-e-type=\"widget\" data-widget_type=\"text-editor.default\">\n\t\t\t\t<div class=\"elementor-widget-container\">\n\t\t\t\t\t\t\t\t\t<p>To be tasted cold but not from the freezer, between 8\u00b0 and 10\u00b0 C.<br \/>As well as an aperitif this Champagne may also accompany crustaceans such as langoustines, mushrooms or exotic dishes.<\/p>\t\t\t\t\t\t\t\t<\/div>\n\t\t\t\t<\/div>\n\t\t\t\t<section class=\"elementor-section elementor-inner-section elementor-element elementor-element-6c0aba3 elementor-section-boxed elementor-section-height-default elementor-section-height-default\" data-id=\"6c0aba3\" data-element_type=\"section\" data-e-type=\"section\">\n\t\t\t\t\t\t<div class=\"elementor-container elementor-column-gap-default\">\n\t\t\t\t\t<div class=\"elementor-column elementor-col-100 elementor-inner-column elementor-element elementor-element-cff193e\" data-id=\"cff193e\" data-element_type=\"column\" data-e-type=\"column\">\n\t\t\t<div class=\"elementor-widget-wrap elementor-element-populated\">\n\t\t\t\t\t\t<div class=\"elementor-element elementor-element-8c59465 elementor-widget__width-initial elementor-widget-mobile__width-initial elementor-fixed elementor-hidden-tablet elementor-hidden-phone elementor-widget elementor-widget-image\" data-id=\"8c59465\" data-element_type=\"widget\" data-e-type=\"widget\" data-settings=\"{&quot;_position&quot;:&quot;fixed&quot;}\" data-widget_type=\"image.default\">\n\t\t\t\t<div class=\"elementor-widget-container\">\n\t\t\t\t\t\t\t\t\t<div class=\"elementor-image\">\n\t\t\t\t\t\t\t\t\t\t\t\t\t\t\t\t\t\t\t\t\t<img fetchpriority=\"high\" decoding=\"async\" width=\"406\" height=\"410\" src=\"https:\/\/www.champagne-marc-hennequiere.com\/wp-content\/uploads\/2022\/03\/pomelos.png\" class=\"attachment-large size-large wp-image-987906\" alt=\"\" srcset=\"https:\/\/www.champagne-marc-hennequiere.com\/wp-content\/uploads\/2022\/03\/pomelos.png 406w, https:\/\/www.champagne-marc-hennequiere.com\/wp-content\/uploads\/2022\/03\/pomelos-297x300.png 297w, https:\/\/www.champagne-marc-hennequiere.com\/wp-content\/uploads\/2022\/03\/pomelos-150x150.png 150w, https:\/\/www.champagne-marc-hennequiere.com\/wp-content\/uploads\/2022\/03\/pomelos-315x318.png 315w\" sizes=\"(max-width: 406px) 100vw, 406px\" \/>\t\t\t\t\t\t\t\t\t\t\t\t\t\t\t\t\t\t\t\t\t\t\t\t<\/div>\n\t\t\t\t\t\t\t\t<\/div>\n\t\t\t\t<\/div>\n\t\t\t\t\t<\/div>\n\t\t<\/div>\n\t\t\t\t\t<\/div>\n\t\t<\/section>\n\t\t\t\t\t<\/div>\n\t\t<\/div>\n\t\t\t\t\t<\/div>\n\t\t<\/section>\n\t\t\t\t<\/div>","protected":false},"excerpt":{"rendered":"<p><strong>Round and energetic<\/strong> \u2013 The radiant, pale yellow shimmering robe is enlivened by sparkling, regular bubbles. At first discreet and floral, the nose reveals itself with elegance while warming on candied citrus fruits and white fruits. The\npalate is full, fleshy and fresh at the same time, ending in the acidulous blood orange. The woody character of this wine blends perfectly and emphasizes this very nice fine champagne and tonic.<\/p>","protected":false},"featured_media":987905,"template":"","meta":{"iawp_total_views":77},"product_brand":[],"product_cat":[26],"product_tag":[],"class_list":{"0":"post-6582","1":"product","2":"type-product","3":"status-publish","4":"has-post-thumbnail","6":"product_cat-les-elabores","8":"first","9":"instock","10":"taxable","11":"shipping-taxable","12":"purchasable","13":"product-type-simple"},"yoast_head":"<!-- This site is optimized with the Yoast SEO plugin v27.2 - https:\/\/yoast.com\/product\/yoast-seo-wordpress\/ -->\n<title>Champagne Marc Hennequi\u00e8re - Cuv\u00e9e pr\u00e9mices<\/title>\n<meta name=\"description\" content=\"Champagne charnu et tonique, \u00e0 la robe rayonnante d\u2019un jaune p\u00e2le, anim\u00e9 par de fines bulles \u00e9tincelantes et r\u00e9guli\u00e8res.\" \/>\n<meta name=\"robots\" content=\"index, follow, max-snippet:-1, max-image-preview:large, max-video-preview:-1\" \/>\n<link rel=\"canonical\" href=\"https:\/\/www.champagne-marc-hennequiere.com\/en\/boutique\/cuvee-premices\/\" \/>\n<meta property=\"og:locale\" content=\"en_US\" \/>\n<meta property=\"og:type\" content=\"article\" \/>\n<meta property=\"og:title\" content=\"Champagne Marc Hennequi\u00e8re - Cuv\u00e9e pr\u00e9mices\" \/>\n<meta property=\"og:description\" content=\"Champagne charnu et tonique, \u00e0 la robe rayonnante d\u2019un jaune p\u00e2le, anim\u00e9 par de fines bulles \u00e9tincelantes et r\u00e9guli\u00e8res.\" \/>\n<meta property=\"og:url\" content=\"https:\/\/www.champagne-marc-hennequiere.com\/en\/boutique\/cuvee-premices\/\" \/>\n<meta property=\"og:site_name\" content=\"Champagne Marc Hennequi\u00e8re\" \/>\n<meta property=\"article:modified_time\" content=\"2025-07-04T16:52:32+00:00\" \/>\n<meta property=\"og:image\" content=\"https:\/\/www.champagne-marc-hennequiere.com\/wp-content\/uploads\/2022\/03\/cuvee-premices.png\" \/>\n\t<meta property=\"og:image:width\" content=\"441\" \/>\n\t<meta property=\"og:image:height\" content=\"849\" \/>\n\t<meta property=\"og:image:type\" content=\"image\/png\" \/>\n<meta name=\"twitter:card\" content=\"summary_large_image\" \/>\n<meta name=\"twitter:label1\" content=\"Est. reading time\" \/>\n\t<meta name=\"twitter:data1\" content=\"1 minute\" \/>\n<script type=\"application\/ld+json\" class=\"yoast-schema-graph\">{\"@context\":\"https:\/\/schema.org\",\"@graph\":[{\"@type\":\"WebPage\",\"@id\":\"https:\/\/www.champagne-marc-hennequiere.com\/boutique\/cuvee-premices\/\",\"url\":\"https:\/\/www.champagne-marc-hennequiere.com\/boutique\/cuvee-premices\/\",\"name\":\"Champagne Marc Hennequi\u00e8re - Cuv\u00e9e pr\u00e9mices\",\"isPartOf\":{\"@id\":\"https:\/\/www.champagne-marc-hennequiere.com\/#website\"},\"primaryImageOfPage\":{\"@id\":\"https:\/\/www.champagne-marc-hennequiere.com\/boutique\/cuvee-premices\/#primaryimage\"},\"image\":{\"@id\":\"https:\/\/www.champagne-marc-hennequiere.com\/boutique\/cuvee-premices\/#primaryimage\"},\"thumbnailUrl\":\"https:\/\/www.champagne-marc-hennequiere.com\/wp-content\/uploads\/2022\/03\/cuvee-premices.png\",\"datePublished\":\"2020-08-11T14:11:23+00:00\",\"dateModified\":\"2025-07-04T16:52:32+00:00\",\"description\":\"Champagne charnu et tonique, \u00e0 la robe rayonnante d\u2019un jaune p\u00e2le, anim\u00e9 par de fines bulles \u00e9tincelantes et r\u00e9guli\u00e8res.\",\"breadcrumb\":{\"@id\":\"https:\/\/www.champagne-marc-hennequiere.com\/boutique\/cuvee-premices\/#breadcrumb\"},\"inLanguage\":\"en-US\",\"potentialAction\":[{\"@type\":\"ReadAction\",\"target\":[\"https:\/\/www.champagne-marc-hennequiere.com\/boutique\/cuvee-premices\/\"]}]},{\"@type\":\"ImageObject\",\"inLanguage\":\"en-US\",\"@id\":\"https:\/\/www.champagne-marc-hennequiere.com\/boutique\/cuvee-premices\/#primaryimage\",\"url\":\"https:\/\/www.champagne-marc-hennequiere.com\/wp-content\/uploads\/2022\/03\/cuvee-premices.png\",\"contentUrl\":\"https:\/\/www.champagne-marc-hennequiere.com\/wp-content\/uploads\/2022\/03\/cuvee-premices.png\",\"width\":441,\"height\":849},{\"@type\":\"BreadcrumbList\",\"@id\":\"https:\/\/www.champagne-marc-hennequiere.com\/boutique\/cuvee-premices\/#breadcrumb\",\"itemListElement\":[{\"@type\":\"ListItem\",\"position\":1,\"name\":\"Accueil\",\"item\":\"https:\/\/www.champagne-marc-hennequiere.com\/\"},{\"@type\":\"ListItem\",\"position\":2,\"name\":\"Boutique\",\"item\":\"https:\/\/www.champagne-marc-hennequiere.com\/boutique\/\"},{\"@type\":\"ListItem\",\"position\":3,\"name\":\"Cuv\u00e9e pr\u00e9mices\"}]},{\"@type\":\"WebSite\",\"@id\":\"https:\/\/www.champagne-marc-hennequiere.com\/#website\",\"url\":\"https:\/\/www.champagne-marc-hennequiere.com\/\",\"name\":\"Champagne Marc Hennequi\u00e8re\",\"description\":\"R\u00e9coltant Manipulant \u00e0 Avirey-Lingey\",\"publisher\":{\"@id\":\"https:\/\/www.champagne-marc-hennequiere.com\/#organization\"},\"potentialAction\":[{\"@type\":\"SearchAction\",\"target\":{\"@type\":\"EntryPoint\",\"urlTemplate\":\"https:\/\/www.champagne-marc-hennequiere.com\/?s={search_term_string}\"},\"query-input\":{\"@type\":\"PropertyValueSpecification\",\"valueRequired\":true,\"valueName\":\"search_term_string\"}}],\"inLanguage\":\"en-US\"},{\"@type\":\"Organization\",\"@id\":\"https:\/\/www.champagne-marc-hennequiere.com\/#organization\",\"name\":\"Champagne Marc Hennequi\u00e8re\",\"url\":\"https:\/\/www.champagne-marc-hennequiere.com\/\",\"logo\":{\"@type\":\"ImageObject\",\"inLanguage\":\"en-US\",\"@id\":\"https:\/\/www.champagne-marc-hennequiere.com\/#\/schema\/logo\/image\/\",\"url\":\"https:\/\/www.champagne-marc-hennequiere.com\/wp-content\/uploads\/2020\/03\/champagne-marc-hennequiere-logo-2.svg\",\"contentUrl\":\"https:\/\/www.champagne-marc-hennequiere.com\/wp-content\/uploads\/2020\/03\/champagne-marc-hennequiere-logo-2.svg\",\"width\":294,\"height\":127,\"caption\":\"Champagne Marc Hennequi\u00e8re\"},\"image\":{\"@id\":\"https:\/\/www.champagne-marc-hennequiere.com\/#\/schema\/logo\/image\/\"}}]}<\/script>\n<!-- \/ Yoast SEO plugin. -->","yoast_head_json":{"title":"Champagne Marc Hennequi\u00e8re - Cuv\u00e9e pr\u00e9mices","description":"Champagne charnu et tonique, \u00e0 la robe rayonnante d\u2019un jaune p\u00e2le, anim\u00e9 par de fines bulles \u00e9tincelantes et r\u00e9guli\u00e8res.","robots":{"index":"index","follow":"follow","max-snippet":"max-snippet:-1","max-image-preview":"max-image-preview:large","max-video-preview":"max-video-preview:-1"},"canonical":"https:\/\/www.champagne-marc-hennequiere.com\/en\/boutique\/cuvee-premices\/","og_locale":"en_US","og_type":"article","og_title":"Champagne Marc Hennequi\u00e8re - Cuv\u00e9e pr\u00e9mices","og_description":"Champagne charnu et tonique, \u00e0 la robe rayonnante d\u2019un jaune p\u00e2le, anim\u00e9 par de fines bulles \u00e9tincelantes et r\u00e9guli\u00e8res.","og_url":"https:\/\/www.champagne-marc-hennequiere.com\/en\/boutique\/cuvee-premices\/","og_site_name":"Champagne Marc Hennequi\u00e8re","article_modified_time":"2025-07-04T16:52:32+00:00","og_image":[{"width":441,"height":849,"url":"https:\/\/www.champagne-marc-hennequiere.com\/wp-content\/uploads\/2022\/03\/cuvee-premices.png","type":"image\/png"}],"twitter_card":"summary_large_image","twitter_misc":{"Est. reading time":"1 minute"},"schema":{"@context":"https:\/\/schema.org","@graph":[{"@type":"WebPage","@id":"https:\/\/www.champagne-marc-hennequiere.com\/boutique\/cuvee-premices\/","url":"https:\/\/www.champagne-marc-hennequiere.com\/boutique\/cuvee-premices\/","name":"Champagne Marc Hennequi\u00e8re - Cuv\u00e9e pr\u00e9mices","isPartOf":{"@id":"https:\/\/www.champagne-marc-hennequiere.com\/#website"},"primaryImageOfPage":{"@id":"https:\/\/www.champagne-marc-hennequiere.com\/boutique\/cuvee-premices\/#primaryimage"},"image":{"@id":"https:\/\/www.champagne-marc-hennequiere.com\/boutique\/cuvee-premices\/#primaryimage"},"thumbnailUrl":"https:\/\/www.champagne-marc-hennequiere.com\/wp-content\/uploads\/2022\/03\/cuvee-premices.png","datePublished":"2020-08-11T14:11:23+00:00","dateModified":"2025-07-04T16:52:32+00:00","description":"Champagne charnu et tonique, \u00e0 la robe rayonnante d\u2019un jaune p\u00e2le, anim\u00e9 par de fines bulles \u00e9tincelantes et r\u00e9guli\u00e8res.","breadcrumb":{"@id":"https:\/\/www.champagne-marc-hennequiere.com\/boutique\/cuvee-premices\/#breadcrumb"},"inLanguage":"en-US","potentialAction":[{"@type":"ReadAction","target":["https:\/\/www.champagne-marc-hennequiere.com\/boutique\/cuvee-premices\/"]}]},{"@type":"ImageObject","inLanguage":"en-US","@id":"https:\/\/www.champagne-marc-hennequiere.com\/boutique\/cuvee-premices\/#primaryimage","url":"https:\/\/www.champagne-marc-hennequiere.com\/wp-content\/uploads\/2022\/03\/cuvee-premices.png","contentUrl":"https:\/\/www.champagne-marc-hennequiere.com\/wp-content\/uploads\/2022\/03\/cuvee-premices.png","width":441,"height":849},{"@type":"BreadcrumbList","@id":"https:\/\/www.champagne-marc-hennequiere.com\/boutique\/cuvee-premices\/#breadcrumb","itemListElement":[{"@type":"ListItem","position":1,"name":"Accueil","item":"https:\/\/www.champagne-marc-hennequiere.com\/"},{"@type":"ListItem","position":2,"name":"Boutique","item":"https:\/\/www.champagne-marc-hennequiere.com\/boutique\/"},{"@type":"ListItem","position":3,"name":"Cuv\u00e9e pr\u00e9mices"}]},{"@type":"WebSite","@id":"https:\/\/www.champagne-marc-hennequiere.com\/#website","url":"https:\/\/www.champagne-marc-hennequiere.com\/","name":"Champagne Marc Hennequi\u00e8re","description":"R\u00e9coltant Manipulant \u00e0 Avirey-Lingey","publisher":{"@id":"https:\/\/www.champagne-marc-hennequiere.com\/#organization"},"potentialAction":[{"@type":"SearchAction","target":{"@type":"EntryPoint","urlTemplate":"https:\/\/www.champagne-marc-hennequiere.com\/?s={search_term_string}"},"query-input":{"@type":"PropertyValueSpecification","valueRequired":true,"valueName":"search_term_string"}}],"inLanguage":"en-US"},{"@type":"Organization","@id":"https:\/\/www.champagne-marc-hennequiere.com\/#organization","name":"Champagne Marc Hennequi\u00e8re","url":"https:\/\/www.champagne-marc-hennequiere.com\/","logo":{"@type":"ImageObject","inLanguage":"en-US","@id":"https:\/\/www.champagne-marc-hennequiere.com\/#\/schema\/logo\/image\/","url":"https:\/\/www.champagne-marc-hennequiere.com\/wp-content\/uploads\/2020\/03\/champagne-marc-hennequiere-logo-2.svg","contentUrl":"https:\/\/www.champagne-marc-hennequiere.com\/wp-content\/uploads\/2020\/03\/champagne-marc-hennequiere-logo-2.svg","width":294,"height":127,"caption":"Champagne Marc Hennequi\u00e8re"},"image":{"@id":"https:\/\/www.champagne-marc-hennequiere.com\/#\/schema\/logo\/image\/"}}]}},"_links":{"self":[{"href":"https:\/\/www.champagne-marc-hennequiere.com\/en\/wp-json\/wp\/v2\/product\/6582","targetHints":{"allow":["GET"]}}],"collection":[{"href":"https:\/\/www.champagne-marc-hennequiere.com\/en\/wp-json\/wp\/v2\/product"}],"about":[{"href":"https:\/\/www.champagne-marc-hennequiere.com\/en\/wp-json\/wp\/v2\/types\/product"}],"version-history":[{"count":13,"href":"https:\/\/www.champagne-marc-hennequiere.com\/en\/wp-json\/wp\/v2\/product\/6582\/revisions"}],"predecessor-version":[{"id":988722,"href":"https:\/\/www.champagne-marc-hennequiere.com\/en\/wp-json\/wp\/v2\/product\/6582\/revisions\/988722"}],"wp:featuredmedia":[{"embeddable":true,"href":"https:\/\/www.champagne-marc-hennequiere.com\/en\/wp-json\/wp\/v2\/media\/987905"}],"wp:attachment":[{"href":"https:\/\/www.champagne-marc-hennequiere.com\/en\/wp-json\/wp\/v2\/media?parent=6582"}],"wp:term":[{"taxonomy":"product_brand","embeddable":true,"href":"https:\/\/www.champagne-marc-hennequiere.com\/en\/wp-json\/wp\/v2\/product_brand?post=6582"},{"taxonomy":"product_cat","embeddable":true,"href":"https:\/\/www.champagne-marc-hennequiere.com\/en\/wp-json\/wp\/v2\/product_cat?post=6582"},{"taxonomy":"product_tag","embeddable":true,"href":"https:\/\/www.champagne-marc-hennequiere.com\/en\/wp-json\/wp\/v2\/product_tag?post=6582"}],"curies":[{"name":"wp","href":"https:\/\/api.w.org\/{rel}","templated":true}]}}